{"id":19,"date":"2019-06-04T14:51:06","date_gmt":"2019-06-04T18:51:06","guid":{"rendered":"https:\/\/alessiazaccaro.com\/?page_id=19"},"modified":"2020-11-17T12:15:30","modified_gmt":"2020-11-17T17:15:30","slug":"contact","status":"publish","type":"page","link":"https:\/\/alessiazaccaro.com\/fr\/contact\/","title":{"rendered":"Contact"},"content":{"rendered":"\t\t<div data-elementor-type=\"wp-post\" data-elementor-id=\"19\" class=\"elementor elementor-19\">\n\t\t\t\t\t\t<div class=\"elementor-inner\">\n\t\t\t\t<div class=\"elementor-section-wrap\">\n\t\t\t\t\t\t\t\t\t<section class=\"elementor-section elementor-top-section elementor-element elementor-element-efca6b7 elementor-section-boxed elementor-section-height-default elementor-section-height-default\" data-id=\"efca6b7\" data-element_type=\"section\">\n\t\t\t\t\t\t<div class=\"elementor-container elementor-column-gap-default\">\n\t\t\t\t\t\t\t<div class=\"elementor-row\">\n\t\t\t\t\t<div class=\"elementor-column elementor-col-100 elementor-top-column elementor-element elementor-element-38db8bc\" data-id=\"38db8bc\" data-element_type=\"column\">\n\t\t\t<div class=\"elementor-column-wrap elementor-element-populated\">\n\t\t\t\t\t\t\t<div class=\"elementor-widget-wrap\">\n\t\t\t\t\t\t<div class=\"elementor-element elementor-element-fdcebc5 elementor-widget elementor-widget-image-gallery\" data-id=\"fdcebc5\" data-element_type=\"widget\" data-widget_type=\"image-gallery.default\">\n\t\t\t\t<div class=\"elementor-widget-container\">\n\t\t\t\t\t<div class=\"elementor-image-gallery\">\n\t\t\t<div id='gallery-1' class='gallery galleryid-19 gallery-columns-3 gallery-size-full'><figure class='gallery-item'>\n\t\t\t<div class='gallery-icon portrait'>\n\t\t\t\t<a data-elementor-open-lightbox=\"yes\" data-elementor-lightbox-slideshow=\"fdcebc5\" data-elementor-lightbox-title=\"122725242_692480051683031_4569719920165023116_n\" e-action-hash=\"#elementor-action%3Aaction%3Dlightbox%26settings%3DeyJpZCI6NzE0LCJ1cmwiOiJodHRwczpcL1wvYWxlc3NpYXphY2Nhcm8uY29tXC93cC1jb250ZW50XC91cGxvYWRzXC8yMDIwXC8xMVwvMTIyNzI1MjQyXzY5MjQ4MDA1MTY4MzAzMV80NTY5NzE5OTIwMTY1MDIzMTE2X24uanBnIiwic2xpZGVzaG93IjoiZmRjZWJjNSJ9\" href='https:\/\/alessiazaccaro.com\/wp-content\/uploads\/2020\/11\/122725242_692480051683031_4569719920165023116_n.jpg'><img width=\"1365\" height=\"2048\" src=\"https:\/\/alessiazaccaro.com\/wp-content\/uploads\/2020\/11\/122725242_692480051683031_4569719920165023116_n.jpg\" class=\"attachment-full size-full\" alt=\"\" decoding=\"async\" loading=\"lazy\" srcset=\"https:\/\/alessiazaccaro.com\/wp-content\/uploads\/2020\/11\/122725242_692480051683031_4569719920165023116_n.jpg 1365w, https:\/\/alessiazaccaro.com\/wp-content\/uploads\/2020\/11\/122725242_692480051683031_4569719920165023116_n-200x300.jpg 200w, https:\/\/alessiazaccaro.com\/wp-content\/uploads\/2020\/11\/122725242_692480051683031_4569719920165023116_n-768x1152.jpg 768w, https:\/\/alessiazaccaro.com\/wp-content\/uploads\/2020\/11\/122725242_692480051683031_4569719920165023116_n-683x1024.jpg 683w\" sizes=\"(max-width: 1365px) 100vw, 1365px\" \/><\/a>\n\t\t\t<\/div><\/figure><figure class='gallery-item'>\n\t\t\t<div class='gallery-icon portrait'>\n\t\t\t\t<a data-elementor-open-lightbox=\"yes\" data-elementor-lightbox-slideshow=\"fdcebc5\" data-elementor-lightbox-title=\"123048908_1464235183766433_4483742659713451189_n (1)\" e-action-hash=\"#elementor-action%3Aaction%3Dlightbox%26settings%3DeyJpZCI6NzA4LCJ1cmwiOiJodHRwczpcL1wvYWxlc3NpYXphY2Nhcm8uY29tXC93cC1jb250ZW50XC91cGxvYWRzXC8yMDIwXC8xMVwvMTIzMDQ4OTA4XzE0NjQyMzUxODM3NjY0MzNfNDQ4Mzc0MjY1OTcxMzQ1MTE4OV9uLTEuanBnIiwic2xpZGVzaG93IjoiZmRjZWJjNSJ9\" href='https:\/\/alessiazaccaro.com\/wp-content\/uploads\/2020\/11\/123048908_1464235183766433_4483742659713451189_n-1.jpg'><img width=\"1365\" height=\"2048\" src=\"https:\/\/alessiazaccaro.com\/wp-content\/uploads\/2020\/11\/123048908_1464235183766433_4483742659713451189_n-1.jpg\" class=\"attachment-full size-full\" alt=\"\" decoding=\"async\" loading=\"lazy\" srcset=\"https:\/\/alessiazaccaro.com\/wp-content\/uploads\/2020\/11\/123048908_1464235183766433_4483742659713451189_n-1.jpg 1365w, https:\/\/alessiazaccaro.com\/wp-content\/uploads\/2020\/11\/123048908_1464235183766433_4483742659713451189_n-1-200x300.jpg 200w, https:\/\/alessiazaccaro.com\/wp-content\/uploads\/2020\/11\/123048908_1464235183766433_4483742659713451189_n-1-768x1152.jpg 768w, https:\/\/alessiazaccaro.com\/wp-content\/uploads\/2020\/11\/123048908_1464235183766433_4483742659713451189_n-1-683x1024.jpg 683w\" sizes=\"(max-width: 1365px) 100vw, 1365px\" \/><\/a>\n\t\t\t<\/div><\/figure><figure class='gallery-item'>\n\t\t\t<div class='gallery-icon portrait'>\n\t\t\t\t<a data-elementor-open-lightbox=\"yes\" data-elementor-lightbox-slideshow=\"fdcebc5\" data-elementor-lightbox-title=\"122679824_769817940236595_117770236202626088_n\" e-action-hash=\"#elementor-action%3Aaction%3Dlightbox%26settings%3DeyJpZCI6NzEyLCJ1cmwiOiJodHRwczpcL1wvYWxlc3NpYXphY2Nhcm8uY29tXC93cC1jb250ZW50XC91cGxvYWRzXC8yMDIwXC8xMVwvMTIyNjc5ODI0Xzc2OTgxNzk0MDIzNjU5NV8xMTc3NzAyMzYyMDI2MjYwODhfbi5qcGciLCJzbGlkZXNob3ciOiJmZGNlYmM1In0%3D\" href='https:\/\/alessiazaccaro.com\/wp-content\/uploads\/2020\/11\/122679824_769817940236595_117770236202626088_n.jpg'><img width=\"1365\" height=\"2048\" src=\"https:\/\/alessiazaccaro.com\/wp-content\/uploads\/2020\/11\/122679824_769817940236595_117770236202626088_n.jpg\" class=\"attachment-full size-full\" alt=\"\" decoding=\"async\" loading=\"lazy\" srcset=\"https:\/\/alessiazaccaro.com\/wp-content\/uploads\/2020\/11\/122679824_769817940236595_117770236202626088_n.jpg 1365w, https:\/\/alessiazaccaro.com\/wp-content\/uploads\/2020\/11\/122679824_769817940236595_117770236202626088_n-200x300.jpg 200w, https:\/\/alessiazaccaro.com\/wp-content\/uploads\/2020\/11\/122679824_769817940236595_117770236202626088_n-768x1152.jpg 768w, https:\/\/alessiazaccaro.com\/wp-content\/uploads\/2020\/11\/122679824_769817940236595_117770236202626088_n-683x1024.jpg 683w\" sizes=\"(max-width: 1365px) 100vw, 1365px\" \/><\/a>\n\t\t\t<\/div><\/figure>\n\t\t<\/div>\n\t\t<\/div>\n\t\t\t\t<\/div>\n\t\t\t\t<\/div>\n\t\t\t\t\t\t<\/div>\n\t\t\t\t\t<\/div>\n\t\t<\/div>\n\t\t\t\t\t\t\t\t<\/div>\n\t\t\t\t\t<\/div>\n\t\t<\/section>\n\t\t\t\t<section class=\"elementor-section elementor-top-section elementor-element elementor-element-c0d1f6e elementor-section-boxed elementor-section-height-default elementor-section-height-default\" data-id=\"c0d1f6e\" data-element_type=\"section\">\n\t\t\t\t\t\t<div class=\"elementor-container elementor-column-gap-default\">\n\t\t\t\t\t\t\t<div class=\"elementor-row\">\n\t\t\t\t\t<div class=\"elementor-column elementor-col-100 elementor-top-column elementor-element elementor-element-bbae57b\" data-id=\"bbae57b\" data-element_type=\"column\">\n\t\t\t<div class=\"elementor-column-wrap\">\n\t\t\t\t\t\t\t<div class=\"elementor-widget-wrap\">\n\t\t\t\t\t\t\t\t<\/div>\n\t\t\t\t\t<\/div>\n\t\t<\/div>\n\t\t\t\t\t\t\t\t<\/div>\n\t\t\t\t\t<\/div>\n\t\t<\/section>\n\t\t\t\t<section class=\"elementor-section elementor-top-section elementor-element elementor-element-5a8a0a63 elementor-section-stretched elementor-section-boxed elementor-section-height-default elementor-section-height-default\" data-id=\"5a8a0a63\" data-element_type=\"section\" data-settings=\"{&quot;background_background&quot;:&quot;classic&quot;,&quot;stretch_section&quot;:&quot;section-stretched&quot;}\">\n\t\t\t\t\t\t<div class=\"elementor-container elementor-column-gap-no\">\n\t\t\t\t\t\t\t<div class=\"elementor-row\">\n\t\t\t\t\t<div class=\"elementor-column elementor-col-33 elementor-top-column elementor-element elementor-element-2d0a2520\" data-id=\"2d0a2520\" data-element_type=\"column\">\n\t\t\t<div class=\"elementor-column-wrap elementor-element-populated\">\n\t\t\t\t\t\t\t<div class=\"elementor-widget-wrap\">\n\t\t\t\t\t\t<div class=\"elementor-element elementor-element-4062f4bc elementor-widget elementor-widget-heading\" data-id=\"4062f4bc\" data-element_type=\"widget\" data-widget_type=\"heading.default\">\n\t\t\t\t<div class=\"elementor-widget-container\">\n\t\t\t<h3 class=\"elementor-heading-title elementor-size-default\">Requ\u00eates M\u00e9dias, R\u00e9servations, Portfolio<\/h3>\t\t<\/div>\n\t\t\t\t<\/div>\n\t\t\t\t<div class=\"elementor-element elementor-element-061e3eb elementor-widget elementor-widget-text-editor\" data-id=\"061e3eb\" data-element_type=\"widget\" data-widget_type=\"text-editor.default\">\n\t\t\t\t<div class=\"elementor-widget-container\">\n\t\t\t\t\t\t\t\t<div class=\"elementor-text-editor elementor-clearfix\">\n\t\t\t\t<p>Pour communiquer avec mon agent, veuillez nous envoyer un message via le formulaire de contact.<\/p><p>Nous tenterons de communiquer avec vous dans les plus brefs d\u00e9lais.<\/p>\t\t\t\t\t<\/div>\n\t\t\t\t\t\t<\/div>\n\t\t\t\t<\/div>\n\t\t\t\t\t\t<\/div>\n\t\t\t\t\t<\/div>\n\t\t<\/div>\n\t\t\t\t<div class=\"elementor-column elementor-col-66 elementor-top-column elementor-element elementor-element-5a1cb201\" data-id=\"5a1cb201\" data-element_type=\"column\">\n\t\t\t<div class=\"elementor-column-wrap elementor-element-populated\">\n\t\t\t\t\t\t\t<div class=\"elementor-widget-wrap\">\n\t\t\t\t\t\t<div class=\"elementor-element elementor-element-199b6609 elementor-button-align-end elementor-mobile-button-align-stretch elementor-widget elementor-widget-form\" data-id=\"199b6609\" data-element_type=\"widget\" data-settings=\"{&quot;step_next_label&quot;:&quot;Suivant&quot;,&quot;step_previous_label&quot;:&quot;Pr\\u00e9c\\u00e9dent&quot;,&quot;step_type&quot;:&quot;number_text&quot;,&quot;step_icon_shape&quot;:&quot;circle&quot;}\" data-widget_type=\"form.default\">\n\t\t\t\t<div class=\"elementor-widget-container\">\n\t\t\t\t\t<form class=\"elementor-form\" method=\"post\" name=\"New Form\">\n\t\t\t<input type=\"hidden\" name=\"post_id\" value=\"19\"\/>\n\t\t\t<input type=\"hidden\" name=\"form_id\" value=\"199b6609\"\/>\n\t\t\t<input type=\"hidden\" name=\"referer_title\" value=\"\" \/>\n\n\t\t\t\n\t\t\t<div class=\"elementor-form-fields-wrapper elementor-labels-\">\n\t\t\t\t\t\t\t\t<div class=\"elementor-field-type-text elementor-field-group elementor-column elementor-field-group- elementor-col-50\">\n\t\t\t\t\t\t\t\t\t\t\t\t<label for=\"form-field-\" class=\"elementor-field-label elementor-screen-only\">\n\t\t\t\t\t\t\t\tName\t\t\t\t\t\t\t<\/label>\n\t\t\t\t\t\t\t\t\t\t\t\t\t\t<input size=\"1\" type=\"text\" name=\"form_fields[]\" id=\"form-field-\" class=\"elementor-field elementor-size-sm  elementor-field-textual\" placeholder=\"Nom\">\n\t\t\t\t\t\t\t\t\t\t\t<\/div>\n\t\t\t\t\t\t\t\t<div class=\"elementor-field-type-email elementor-field-group elementor-column elementor-field-group- elementor-col-50 elementor-field-required\">\n\t\t\t\t\t\t\t\t\t\t\t\t<label for=\"form-field-\" class=\"elementor-field-label elementor-screen-only\">\n\t\t\t\t\t\t\t\tEmail\t\t\t\t\t\t\t<\/label>\n\t\t\t\t\t\t\t\t\t\t\t\t\t\t<input size=\"1\" type=\"email\" name=\"form_fields[]\" id=\"form-field-\" class=\"elementor-field elementor-size-sm  elementor-field-textual\" placeholder=\"Courriel\" required=\"required\" aria-required=\"true\">\n\t\t\t\t\t\t\t\t\t\t\t<\/div>\n\t\t\t\t\t\t\t\t<div class=\"elementor-field-type-tel elementor-field-group elementor-column elementor-field-group- elementor-col-50\">\n\t\t\t\t\t\t\t\t\t\t\t\t<label for=\"form-field-\" class=\"elementor-field-label elementor-screen-only\">\n\t\t\t\t\t\t\t\tPhone\t\t\t\t\t\t\t<\/label>\n\t\t\t\t\t\t\t\t<input size=\"1\" type=\"tel\" name=\"form_fields[]\" id=\"form-field-\" class=\"elementor-field elementor-size-sm  elementor-field-textual\" placeholder=\"T\u00e9l\u00e9phone\" pattern=\"[0-9()#&amp;+*-=.]+\" title=\"Seuls les caract\u00e8res de num\u00e9ros de t\u00e9l\u00e9phone (#, -, *, etc.) sont accept\u00e9s.\">\n\n\t\t\t\t\t\t<\/div>\n\t\t\t\t\t\t\t\t<div class=\"elementor-field-type-textarea elementor-field-group elementor-column elementor-field-group- elementor-col-100\">\n\t\t\t\t\t\t\t\t\t\t\t\t<label for=\"form-field-\" class=\"elementor-field-label elementor-screen-only\">\n\t\t\t\t\t\t\t\tMessage\t\t\t\t\t\t\t<\/label>\n\t\t\t\t\t\t<textarea class=\"elementor-field-textual elementor-field  elementor-size-sm\" name=\"form_fields[]\" id=\"form-field-\" rows=\"4\" placeholder=\"Message\"><\/textarea>\t\t\t\t<\/div>\n\t\t\t\t\t\t\t\t<div class=\"elementor-field-group elementor-column elementor-field-type-submit elementor-col-100 e-form__buttons\">\n\t\t\t\t\t<button type=\"submit\" class=\"elementor-button elementor-size-sm\">\n\t\t\t\t\t\t<span >\n\t\t\t\t\t\t\t\t\t\t\t\t\t\t\t<span class=\" elementor-button-icon\">\n\t\t\t\t\t\t\t\t\t<i class=\"\" aria-hidden=\"true\"><\/i>\t\t\t\t\t\t\t\t\t\t\t\t\t\t\t\t\t<\/span>\n\t\t\t\t\t\t\t\t\t\t\t\t\t\t\t\t\t\t\t\t\t\t<span class=\"elementor-button-text\">Envoyer<\/span>\n\t\t\t\t\t\t\t\t\t\t\t\t\t<\/span>\n\t\t\t\t\t<\/button>\n\t\t\t\t<\/div>\n\t\t\t<\/div>\n\t\t<\/form>\n\t\t\t\t<\/div>\n\t\t\t\t<\/div>\n\t\t\t\t\t\t<\/div>\n\t\t\t\t\t<\/div>\n\t\t<\/div>\n\t\t\t\t\t\t\t\t<\/div>\n\t\t\t\t\t<\/div>\n\t\t<\/section>\n\t\t\t\t\t\t\t\t\t<\/div>\n\t\t\t<\/div>\n\t\t\t\t\t<\/div>\n\t\t","protected":false},"excerpt":{"rendered":"<p>Requ\u00eates M\u00e9dias, R\u00e9servations, Portfolio Pour communiquer avec mon agent, veuillez nous envoyer un message via le formulaire de contact. Nous tenterons de communiquer avec vous dans les plus brefs d\u00e9lais.<\/p>\n","protected":false},"author":1,"featured_media":0,"parent":0,"menu_order":0,"comment_status":"closed","ping_status":"closed","template":"elementor_header_footer","meta":{"site-sidebar-layout":"default","site-content-layout":"default","ast-global-header-display":"","ast-main-header-display":"","ast-hfb-above-header-display":"","ast-hfb-below-header-display":"","ast-hfb-mobile-header-display":"","site-post-title":"","ast-breadcrumbs-content":"","ast-featured-img":"","footer-sml-layout":"","theme-transparent-header-meta":"default","adv-header-id-meta":"","stick-header-meta":"","header-above-stick-meta":"","header-main-stick-meta":"","header-below-stick-meta":""},"_links":{"self":[{"href":"https:\/\/alessiazaccaro.com\/fr\/wp-json\/wp\/v2\/pages\/19"}],"collection":[{"href":"https:\/\/alessiazaccaro.com\/fr\/wp-json\/wp\/v2\/pages"}],"about":[{"href":"https:\/\/alessiazaccaro.com\/fr\/wp-json\/wp\/v2\/types\/page"}],"author":[{"embeddable":true,"href":"https:\/\/alessiazaccaro.com\/fr\/wp-json\/wp\/v2\/users\/1"}],"replies":[{"embeddable":true,"href":"https:\/\/alessiazaccaro.com\/fr\/wp-json\/wp\/v2\/comments?post=19"}],"version-history":[{"count":14,"href":"https:\/\/alessiazaccaro.com\/fr\/wp-json\/wp\/v2\/pages\/19\/revisions"}],"predecessor-version":[{"id":744,"href":"https:\/\/alessiazaccaro.com\/fr\/wp-json\/wp\/v2\/pages\/19\/revisions\/744"}],"wp:attachment":[{"href":"https:\/\/alessiazaccaro.com\/fr\/wp-json\/wp\/v2\/media?parent=19"}],"curies":[{"name":"wp","href":"https:\/\/api.w.org\/{rel}","templated":true}]}}